{"id":117,"date":"2016-08-08T10:34:23","date_gmt":"2016-08-08T08:34:23","guid":{"rendered":"http:\/\/recheck.de\/recongeb\/?page_id=117"},"modified":"2020-12-04T16:38:32","modified_gmt":"2020-12-04T15:38:32","slug":"fuer-presse","status":"publish","type":"page","link":"https:\/\/stiftung-energieeffizienz.org\/recongeb\/fuer-presse\/","title":{"rendered":"f\u00fcr Politik &#038; Presse"},"content":{"rendered":"[vc_row][vc_column width=&#8220;1\/3&#8243;][vc_column_text css=&#8220;.vc_custom_1607013253565{padding-bottom: 10px !important;}&#8220;]\n<h3>Pressematerial zum Download<\/h3>\n[\/vc_column_text]<style class=\"vcex-carousel-preload-css\">.vcex_69e162132e930{--wpex-carousel-gap:15px;}.vcex_69e162132e930{--wpex-carousel-columns:1;}.vcex_69e162132e930.wpex-carousel:not(.wpex-carousel--loaded) > *:not(:nth-child(1n+2)){display: flex !important;}@media only screen and (min-width: 480px) {.vcex_69e162132e930{--wpex-carousel-columns:2;}.vcex_69e162132e930.wpex-carousel:not(.wpex-carousel--loaded) > *:not(:nth-child(1n+3)){display: flex !important;}}@media only screen and (min-width: 768px) {.vcex_69e162132e930{--wpex-carousel-columns:3;}.vcex_69e162132e930.wpex-carousel:not(.wpex-carousel--loaded) > *:not(:nth-child(1n+4)){display: flex !important;}}@media only screen and (min-width: 960px) {.vcex_69e162132e930{--wpex-carousel-columns:2;}.vcex_69e162132e930.wpex-carousel:not(.wpex-carousel--loaded) > *:not(:nth-child(1n+3)){display: flex !important;}}<\/style><div class=\"vcex-image-carousel wpex-carousel wpex-carousel-images wpex-clr vcex-module owl-carousel wpex-carousel--render-onload vcex_69e162132e930 arrwstyle-default arrwpos-default\" data-wpex-carousel=\"{&quot;slideBy&quot;:1,&quot;items&quot;:2,&quot;responsive&quot;:{&quot;0&quot;:{&quot;items&quot;:&quot;1&quot;},&quot;480&quot;:{&quot;items&quot;:&quot;2&quot;},&quot;768&quot;:{&quot;items&quot;:&quot;3&quot;},&quot;960&quot;:{&quot;items&quot;:2}}}\"><div class=\"wpex-carousel-slide vc_custom_1607096295392\"><figure class=\"wpex-carousel-entry-media entry-media wpex-relative\"><a href=\"https:\/\/stiftung-energieeffizienz.org\/recongeb\/wp-content\/uploads\/sites\/2\/2016\/05\/ReConGeb-Logo_blau-9kg_5EUR_rgb72dpi.jpg\" class=\"wpex-carousel-entry-img\"><img width=\"1000\" height=\"1000\" src=\"https:\/\/stiftung-energieeffizienz.org\/recongeb\/wp-content\/uploads\/sites\/2\/2016\/05\/ReConGeb-Logo_blau-9kg_rgb72dpi.jpg\" class=\"wpex-align-middle skip-lazy\" alt=\"\" data-no-lazy=\"1\" srcset=\"https:\/\/stiftung-energieeffizienz.org\/recongeb\/wp-content\/uploads\/sites\/2\/2016\/05\/ReConGeb-Logo_blau-9kg_rgb72dpi.jpg 1000w, https:\/\/stiftung-energieeffizienz.org\/recongeb\/wp-content\/uploads\/sites\/2\/2016\/05\/ReConGeb-Logo_blau-9kg_rgb72dpi-150x150.jpg 150w\" sizes=\"(max-width: 1000px) 100vw, 1000px\" \/><\/a><\/figure><\/div><div class=\"wpex-carousel-slide vc_custom_1607096295392\"><figure class=\"wpex-carousel-entry-media entry-media wpex-relative\"><a href=\"https:\/\/stiftung-energieeffizienz.org\/recongeb\/wp-content\/uploads\/sites\/2\/2016\/05\/ReConGeb-Logo_orange-9kg_rgb72dpi.jpg\" class=\"wpex-carousel-entry-img\"><img width=\"1000\" height=\"1000\" src=\"https:\/\/stiftung-energieeffizienz.org\/recongeb\/wp-content\/uploads\/sites\/2\/2016\/05\/ReConGeb-Logo_orange-9kg_rgb72dpi.jpg\" class=\"wpex-align-middle skip-lazy\" alt=\"\" data-no-lazy=\"1\" srcset=\"https:\/\/stiftung-energieeffizienz.org\/recongeb\/wp-content\/uploads\/sites\/2\/2016\/05\/ReConGeb-Logo_orange-9kg_rgb72dpi.jpg 1000w, https:\/\/stiftung-energieeffizienz.org\/recongeb\/wp-content\/uploads\/sites\/2\/2016\/05\/ReConGeb-Logo_orange-9kg_rgb72dpi-150x150.jpg 150w\" sizes=\"(max-width: 1000px) 100vw, 1000px\" \/><\/a><\/figure><\/div><\/div>[vc_empty_space height=&#8220;10px&#8220;][vc_column_text css=&#8220;.vc_custom_1479399704646{margin-bottom: 0px !important;border-bottom-width: 0px !important;padding-bottom: 0px !important;}&#8220;]\n<div id=\"block-18\" class=\"block block-type-content block-fluid-height block-mirrored block-mirroring-bf053b1cad7b8e17 block-original-b6v56deb05b017d4\" data-alias=\"Single - Inhalt\"><\/div>\n<p>Projektlogo: RGB, 72 dpi<\/p>\n<p><a title=\"Arbeitspapier Energiewende RICHTIG machen\" href=\"https:\/\/stiftung-energieeffizienz.org\/images\/pdf\/recongeb_handout_2016-06-01.pdf\" target=\"_blank\" rel=\"noopener noreferrer\">\u00bb Infos f\u00fcr Projektinteressierte<br \/>\n<\/a>\u00a0\u00a0 (2 Seiten | PDF)<\/p>\n<p><a href=\"https:\/\/stiftung-energieeffizienz.org\/images\/pdf\/stiftung-energieeffizienz_arbeitspapier_recongeb_2016-10-28.pdf\" target=\"_blank\" rel=\"noopener noreferrer\">\u00bb ReConGeb Arbeitspapier<br \/>\n<\/a>\u00a0\u00a0 (55 Seiten | PDF)<\/p>\n<aside id=\"block-43\" class=\"block block-type-widget-area block-fluid-height block-mirrored block-mirroring-bf053b1cad7c1041 block-original-btf56deb05af22a3\" data-alias=\"Single - Teilen-Buttons\"><\/aside>\n<p><iframe style=\"position: absolute; top: 0px; left: 0px; width: 1px; height: 1px; visibility: hidden; background: #ffffff none repeat scroll 0% 0%;\" name=\"xdcom_frame\" width=\"300\" height=\"150\"><\/iframe>[\/vc_column_text][vc_empty_space height=&#8220;10px&#8220;][\/vc_column][vc_column width=&#8220;1\/3&#8243;][vc_column_text css=&#8220;.vc_custom_1607013801309{padding-bottom: 20px !important;}&#8220;]\n<h3>Jahresberichte und Politikreports<\/h3>\n[\/vc_column_text][vc_column_text css=&#8220;.vc_custom_1607085514225{border-bottom-width: 0px !important;padding-bottom: 30px !important;}&#8220;]Hier finden Sie ab 2021 Politikberichte mit den anonymisierten Daten der teilnehmenden Geb\u00e4uden und empirisch belegten Forderungen zur Beseitigung von Fehlentwicklungen im Bauregelwesen und zur Schaffung optimaler Anreizsysteme, die \u00f6konomische und \u00f6kologische Nachhaltigkeit belohnen.[vc_row][vc_column width=&#8220;1\/1&#8243;][vc_column_text]\n<p><iframe style=\"position: absolute; top: 0px; left: 0px; width: 1px; height: 1px; visibility: hidden; background: #ffffff none repeat scroll 0% 0%;\" name=\"xdcom_frame\" width=\"300\" height=\"150\"><\/iframe>[\/vc_column_text][\/vc_column][vc_column width=&#8220;1\/3&#8243;][vc_column_text css=&#8220;.vc_custom_1607013663707{padding-bottom: 20px !important;}&#8220;]\n<h3>Pressekontakt<\/h3>\n[\/vc_column_text][vc_column_text]F\u00fcr alle Fragen rund um Pressearbeit, Infografiken und Informationsmaterial <a href=\"https:\/\/stiftung-energieeffizienz.org\/recongeb\/kontakt\/\" target=\"_blank\" rel=\"noopener noreferrer\">kontaktieren<\/a> Sie bitte Herrn Schreckenberg.[\/vc_column_text][\/vc_column][\/vc_row][vc_row][vc_column][vc_column_text]\n<h3>Aktuelle Pressemitteilung<\/h3>\n[\/vc_column_text][vc_column_text]<strong>Auftakt zum Langzeitprojekt ReConGeb<br \/>\n(18. M\u00e4rz 2016)<br \/>\n<\/strong>Am 17.03.2016 fand in K\u00f6ln das Auftakttreffen zum Langzeitprojekt \u201eEnergiewende richtig machen I Refe-renz-Controlling-Geb\u00e4ude\u201c (ReConGeb) statt. Langj\u00e4hrig nachhaltig handelnde private Bauherren und Wohnungsunternehmen haben die ersten Referenzgeb\u00e4ude zum Projektstart eingebracht. Energiesparende Geb\u00e4ude mit Gas, Biomasse, W\u00e4rmepumpen und Fernw\u00e4rme sind zu etwa gleichen Anteilen vertreten.<strong><\/p>\n<p><\/strong><a href=\"https:\/\/stiftung-energieeffizienz.org\/images\/pdf\/pm_recongeb_2016-03-18.pdf\" target=\"_blank\" rel=\"noopener noreferrer\">Gemeinsame Pressemitteilung (563 kB)<\/a>[\/vc_column_text][\/vc_column][\/vc_row][vc_row][vc_column width=&#8220;2\/3&#8243;][vc_column_text css=&#8220;.vc_custom_1472136170602{padding-bottom: 10px !important;}&#8220;]\n<h3>Pressestimmen zum Projekt<\/h3>\n[\/vc_column_text]<style class=\"vcex-carousel-preload-css\">.vcex_69e1621330c52{--wpex-carousel-gap:50px;}.vcex_69e1621330c52{--wpex-carousel-columns:1;}.vcex_69e1621330c52.wpex-carousel:not(.wpex-carousel--loaded) > *:not(:nth-child(1n+2)){display: flex !important;}@media only screen and (min-width: 480px) {.vcex_69e1621330c52{--wpex-carousel-columns:2;}.vcex_69e1621330c52.wpex-carousel:not(.wpex-carousel--loaded) > *:not(:nth-child(1n+3)){display: flex !important;}}@media only screen and (min-width: 768px) {.vcex_69e1621330c52{--wpex-carousel-columns:3;}.vcex_69e1621330c52.wpex-carousel:not(.wpex-carousel--loaded) > *:not(:nth-child(1n+4)){display: flex !important;}}@media only screen and (min-width: 960px) {.vcex_69e1621330c52{--wpex-carousel-columns:4;}.vcex_69e1621330c52.wpex-carousel:not(.wpex-carousel--loaded) > *:not(:nth-child(1n+5)){display: flex !important;}}<\/style><div class=\"vcex-image-carousel wpex-carousel wpex-carousel-images wpex-clr vcex-module owl-carousel wpex-carousel--render-onload vcex_69e1621330c52 arrwstyle-default arrwpos-default\" data-wpex-carousel=\"{&quot;autoplay&quot;:&quot;true&quot;,&quot;margin&quot;:50,&quot;slideBy&quot;:1,&quot;responsive&quot;:{&quot;0&quot;:{&quot;items&quot;:&quot;1&quot;},&quot;480&quot;:{&quot;items&quot;:&quot;2&quot;},&quot;768&quot;:{&quot;items&quot;:&quot;3&quot;},&quot;960&quot;:{&quot;items&quot;:&quot;4&quot;}},&quot;smartSpeed&quot;:2000}\"><div class=\"wpex-carousel-slide\"><figure class=\"wpex-carousel-entry-media entry-media wpex-relative wpex-image-hover grayscale-invert image-filter-grayscale\"><a href=\"http:\/\/www.stiftung-energieeffizienz.org\/images\/pdf\/hlh_04-2016.pdf\" class=\"wpex-carousel-entry-img\" target=\"_blank\" rel=\"noopener noreferrer\"><img width=\"853\" height=\"270\" src=\"https:\/\/stiftung-energieeffizienz.org\/recongeb\/wp-content\/uploads\/sites\/2\/2016\/05\/logo_hlh.png\" class=\"wpex-align-middle skip-lazy\" alt=\"HLH Logo\" data-no-lazy=\"1\" \/><\/a><\/figure><\/div><div class=\"wpex-carousel-slide\"><figure class=\"wpex-carousel-entry-media entry-media wpex-relative wpex-image-hover grayscale-invert image-filter-grayscale\"><a href=\"http:\/\/www.energieagentur.nrw\/eanrw\/jetzt_werden_referenzgebaeude_gesucht\" class=\"wpex-carousel-entry-img\" target=\"_blank\" rel=\"noopener noreferrer\"><img width=\"1180\" height=\"472\" src=\"https:\/\/stiftung-energieeffizienz.org\/recongeb\/wp-content\/uploads\/sites\/2\/2016\/05\/EnergieAgentur_Logo_NEU-1.jpg\" class=\"wpex-align-middle skip-lazy\" alt=\"\" data-no-lazy=\"1\" \/><\/a><\/figure><\/div><div class=\"wpex-carousel-slide\"><figure class=\"wpex-carousel-entry-media entry-media wpex-relative wpex-image-hover grayscale-invert image-filter-grayscale\"><a href=\"http:\/\/www.enbausa.de\/heizung-warmwasser\/aktuelles\/artikel\/stiftung-will-waermewende-mit-monitoring-pushen-4899.html\" class=\"wpex-carousel-entry-img\" target=\"_blank\" rel=\"noopener noreferrer\"><img width=\"564\" height=\"283\" src=\"https:\/\/stiftung-energieeffizienz.org\/recongeb\/wp-content\/uploads\/sites\/2\/2016\/05\/logo_enbausa-1.jpg\" class=\"wpex-align-middle skip-lazy\" alt=\"\" data-no-lazy=\"1\" \/><\/a><\/figure><\/div><div class=\"wpex-carousel-slide\"><figure class=\"wpex-carousel-entry-media entry-media wpex-relative wpex-image-hover grayscale-invert image-filter-grayscale\"><a href=\"https:\/\/stiftung-energieeffizienz.org\/images\/pdf\/bbb%20stiftung%20energieeffizienz%2010-15.pdf\" class=\"wpex-carousel-entry-img\" target=\"_blank\" rel=\"noopener noreferrer\"><img width=\"398\" height=\"283\" src=\"https:\/\/stiftung-energieeffizienz.org\/recongeb\/wp-content\/uploads\/sites\/2\/2016\/05\/BBB_2015.png\" class=\"wpex-align-middle skip-lazy\" alt=\"\" data-no-lazy=\"1\" \/><\/a><\/figure><\/div><\/div>[\/vc_column][vc_column width=&#8220;1\/3&#8243;][\/vc_column][\/vc_row][vc_row][vc_column][vc_column_text]<iframe style=\"position: absolute; top: 0px; left: 0px; width: 1px; height: 1px; visibility: hidden; background: #ffffff none repeat scroll 0% 0%;\" name=\"xdcom_frame\" width=\"300\" height=\"150\"><\/iframe>[\/vc_column_text][\/vc_column][\/vc_row]\n","protected":false},"excerpt":{"rendered":"<p>[vc_row][vc_column width=&#8220;1\/3&#8243;][vc_column_text css=&#8220;.vc_custom_1607013253565{padding-bottom: 10px !important;}&#8220;] Pressematerial zum Download [\/vc_column_text][vc_empty_space height=&#8220;10px&#8220;][vc_column_text css=&#8220;.vc_custom_1479399704646{margin-bottom: 0px !important;border-bottom-width: 0px !important;padding-bottom: 0px !important;}&#8220;] Projektlogo: RGB, 72 dpi \u00bb Infos f\u00fcr Projektinteressierte \u00a0\u00a0 (2 Seiten | PDF) \u00bb ReConGeb Arbeitspapier \u00a0\u00a0 (55 Seiten | PDF) [\/vc_column_text][vc_empty_space height=&#8220;10px&#8220;][\/vc_column][vc_column width=&#8220;1\/3&#8243;][vc_column_text css=&#8220;.vc_custom_1607013801309{padding-bottom: 20px !important;}&#8220;] Jahresberichte und Politikreports [\/vc_column_text][vc_column_text css=&#8220;.vc_custom_1607085514225{border-bottom-width: 0px !important;padding-bottom: 30px !important;}&#8220;]Hier finden Sie&hellip;<\/p>\n","protected":false},"author":1,"featured_media":0,"parent":0,"menu_order":0,"comment_status":"closed","ping_status":"closed","template":"","meta":{"footnotes":""},"class_list":["post-117","page","type-page","status-publish","hentry","entry","no-media"],"_links":{"self":[{"href":"https:\/\/stiftung-energieeffizienz.org\/recongeb\/wp-json\/wp\/v2\/pages\/117","targetHints":{"allow":["GET"]}}],"collection":[{"href":"https:\/\/stiftung-energieeffizienz.org\/recongeb\/wp-json\/wp\/v2\/pages"}],"about":[{"href":"https:\/\/stiftung-energieeffizienz.org\/recongeb\/wp-json\/wp\/v2\/types\/page"}],"author":[{"embeddable":true,"href":"https:\/\/stiftung-energieeffizienz.org\/recongeb\/wp-json\/wp\/v2\/users\/1"}],"replies":[{"embeddable":true,"href":"https:\/\/stiftung-energieeffizienz.org\/recongeb\/wp-json\/wp\/v2\/comments?post=117"}],"version-history":[{"count":61,"href":"https:\/\/stiftung-energieeffizienz.org\/recongeb\/wp-json\/wp\/v2\/pages\/117\/revisions"}],"predecessor-version":[{"id":1110,"href":"https:\/\/stiftung-energieeffizienz.org\/recongeb\/wp-json\/wp\/v2\/pages\/117\/revisions\/1110"}],"wp:attachment":[{"href":"https:\/\/stiftung-energieeffizienz.org\/recongeb\/wp-json\/wp\/v2\/media?parent=117"}],"curies":[{"name":"wp","href":"https:\/\/api.w.org\/{rel}","templated":true}]}}