{"id":2,"date":"2016-05-25T18:26:16","date_gmt":"2016-05-25T16:26:16","guid":{"rendered":"http:\/\/recheck.de\/recongeb\/?page_id=2"},"modified":"2020-12-04T13:21:08","modified_gmt":"2020-12-04T12:21:08","slug":"beispiel-seite","status":"publish","type":"page","link":"https:\/\/stiftung-energieeffizienz.org\/recongeb\/","title":{"rendered":"ReConGeb-Seite"},"content":{"rendered":"[vc_row][vc_column]<div class=\"wpex-slider-preloaderimg wpex-relative\"><img width=\"1200\" height=\"442\" src=\"https:\/\/stiftung-energieeffizienz.org\/recongeb\/wp-content\/uploads\/sites\/2\/2016\/05\/Header_1_HausPV.png\" class=\"skip-lazy\" alt=\"\" data-no-lazy=\"1\" \/><\/div><div class=\"vcex-image-slider vcex-module wpex-slider slider-pro wpex-clr\" data-loop=\"true\" data-auto-play-delay=\"10000\" data-animation-speed=\"2000\" data-height-animation-duration=\"100\" data-thumbnail-height=\"70\" data-thumbnail-width=\"70\"><div class=\"wpex-slider-slides sp-slides\"><div class=\"wpex-slider-slide sp-slide\"><div class=\"wpex-slider-media wpex-relative\"><img width=\"1200\" height=\"442\" src=\"https:\/\/stiftung-energieeffizienz.org\/recongeb\/wp-content\/uploads\/sites\/2\/2016\/05\/Header_1_HausPV.png\" class=\"skip-lazy\" alt=\"\" data-no-lazy=\"1\" \/><\/div><\/div><div class=\"wpex-slider-slide sp-slide\"><div class=\"wpex-slider-media wpex-relative\"><img width=\"1200\" height=\"442\" src=\"https:\/\/stiftung-energieeffizienz.org\/recongeb\/wp-content\/uploads\/sites\/2\/2016\/05\/Header_2_Praxis_NRW.png\" class=\"skip-lazy\" alt=\"Erfahrung aus Planung, Bau und Monitoring von NRW Solar- und Klimaschutzsiedlungen\" data-no-lazy=\"1\" \/><\/div><\/div><div class=\"wpex-slider-slide sp-slide\"><div class=\"wpex-slider-media wpex-relative\"><img width=\"1200\" height=\"441\" src=\"https:\/\/stiftung-energieeffizienz.org\/recongeb\/wp-content\/uploads\/sites\/2\/2016\/05\/Header_3_GEWOG_Drossel9abAu\u00dfen_blau.png\" class=\"skip-lazy\" alt=\"\" data-no-lazy=\"1\" \/><\/div><\/div><div class=\"wpex-slider-slide sp-slide\"><div class=\"wpex-slider-media wpex-relative\"><img width=\"1200\" height=\"442\" src=\"https:\/\/stiftung-energieeffizienz.org\/recongeb\/wp-content\/uploads\/sites\/2\/2016\/05\/Header_4_energiewende_hambach.png\" class=\"skip-lazy\" alt=\"\" data-no-lazy=\"1\" \/><\/div><\/div><\/div><\/div>[\/vc_column][\/vc_row][vc_row][vc_column width=&#8220;5\/12&#8243;][vc_column_text]Energiesparende Bau- und Sanierungsma\u00dfnahmen verfehlen derzeit oft Klimaschutz- und Kostenziele. Gr\u00fcnde sind unter anderem die Ausrichtung des Bauwesens auf theoretische Zielwerte sowie die fehlende \u00dcberpr\u00fcfung des tats\u00e4chlichen Erfolgs.<\/p>\n<p>Mit den bestehenden Instrumenten kann die Energiewende nicht erfolgreich gesteuert werden. Um diese L\u00fccke zu schlie\u00dfen und tats\u00e4chlich klimasch\u00fctzende Geb\u00e4ude umzusetzen, die geringe<br \/>\nHeiz- und Instandsetzungskosten aufweisen, wurde das Langzeitprojekt ReConGeb entwickelt.<br \/>\nKern ist der transparente Wettbewerb um beste energetische<\/p>\n<p><iframe style=\"position: absolute; top: 0px; left: 0px; width: 1px; height: 1px; visibility: hidden; background: #ffffff none repeat scroll 0% 0%;\" name=\"xdcom_frame\" width=\"300\" height=\"150\"><\/iframe><\/p>\n<p><iframe style=\"position: absolute; top: 0px; left: 0px; width: 1px; height: 1px; visibility: hidden; background: #ffffff none repeat scroll 0% 0%;\" name=\"xdcom_frame\" width=\"300\" height=\"150\"><\/iframe><\/p>\n<p><iframe style=\"position: absolute; top: 0px; left: 0px; width: 1px; height: 1px; visibility: hidden; background: #ffffff none repeat scroll 0% 0%;\" name=\"xdcom_frame\" width=\"300\" height=\"150\"><\/iframe><\/p>\n<p><iframe style=\"position: absolute; top: 0px; left: 0px; width: 1px; height: 1px; visibility: hidden; background: #ffffff none repeat scroll 0% 0%;\" name=\"xdcom_frame\" width=\"300\" height=\"150\"><\/iframe>[\/vc_column_text][vc_empty_space height=&#8220;20px&#8220;][\/vc_column][vc_column width=&#8220;5\/12&#8243;][vc_column_text css=&#8220;.vc_custom_1605101961941{margin-top: 0px !important;}&#8220;]L\u00f6sungen zum Erreichen von Kosten- und Klimaschutzzielen mit geringstem Aufwand f\u00fcr Investitionen und Instandhaltung. F\u00fcr teilnehmende Neubauten und Sanierungen, zun\u00e4chst Mehrfamilienh\u00e4user, werden praxisbew\u00e4hrte Klimaschutz-Zielwerte mit einem darauf abgestimmten Monitoring gekoppelt.<br \/>\nWeitere Referenzgeb\u00e4ude k\u00f6nnen durch Wohnungsunternehmen und private Bauherren angemeldet werden.<\/p>\n<p><strong>Das 2016 gestartete Langzeitprojekt der Ludwig-B\u00f6lkow-Stiftung und Stiftung Energieeffizienz erhielt in der Startphase eine Unterst\u00fctzung durch die Landesf\u00f6rderung progres.nrw<\/strong><\/p>\n<p><iframe style=\"position: absolute; top: 0px; left: 0px; width: 1px; height: 1px; visibility: hidden; background: #ffffff none repeat scroll 0% 0%;\" name=\"xdcom_frame\" width=\"300\" height=\"150\"><\/iframe><\/p>\n<p><iframe style=\"position: absolute; top: 0px; left: 0px; width: 1px; height: 1px; visibility: hidden; background: #ffffff none repeat scroll 0% 0%;\" name=\"xdcom_frame\" width=\"300\" height=\"150\"><\/iframe><\/p>\n<p><iframe style=\"position: absolute; top: 0px; left: 0px; width: 1px; height: 1px; visibility: hidden; background: #ffffff none repeat scroll 0% 0%;\" name=\"xdcom_frame\" width=\"300\" height=\"150\"><\/iframe><\/p>\n<p><iframe style=\"position: absolute; top: 0px; left: 0px; width: 1px; height: 1px; visibility: hidden; background: #ffffff none repeat scroll 0% 0%;\" name=\"xdcom_frame\" width=\"300\" height=\"150\"><\/iframe>[\/vc_column_text][vc_empty_space height=&#8220;20px&#8220;][\/vc_column][vc_column width=&#8220;2\/12&#8243;][vc_column_text]<strong>Stiftungen<\/strong>[\/vc_column_text][vc_single_image image=&#8220;74&#8243; img_size=&#8220;thumbnail&#8220; onclick=&#8220;custom_link&#8220; css=&#8220;.vc_custom_1479396473712{margin-top: 0px !important;border-bottom-width: 0px !important;}&#8220; link=&#8220;https:\/\/stiftung-energieeffizienz.org\/see-startseite\/&#8220;][vc_single_image image=&#8220;73&#8243; img_size=&#8220;60 x60&#8243; onclick=&#8220;custom_link&#8220; css=&#8220;.vc_custom_1479995193923{margin-top: 10px !important;}&#8220; link=&#8220;http:\/\/www.ludwig-boelkow-stiftung.org\/&#8220;][vc_column_text css=&#8220;.vc_custom_1471957322746{margin-top: 10px !important;}&#8220;]<strong>Startf\u00f6rderung<\/strong>[\/vc_column_text][vc_single_image image=&#8220;98&#8243; img_size=&#8220;180&#215;60&#8243; onclick=&#8220;custom_link&#8220; link=&#8220;http:\/\/www.energieagentur.nrw\/progres.nrw&#8220;][\/vc_column][\/vc_row][vc_row css=&#8220;.vc_custom_1471274667432{padding-top: 0px !important;padding-right: 0px !important;padding-bottom: 0px !important;padding-left: 0px !important;}&#8220;][vc_column width=&#8220;1\/3&#8243;]<div  class=\"vcex-module vcex-image-swap wpex-block\"><figure class=\"vcex-image-swap-inner wpex-block wpex-relative wpex-overflow-hidden\"><img width=\"1000\" height=\"1000\" src=\"https:\/\/stiftung-energieeffizienz.org\/recongeb\/wp-content\/uploads\/sites\/2\/2016\/05\/ReConGeb-Logo_blau-9kg_5EUR_rgb72dpi.jpg\" class=\"vcex-image-swap-primary wpex-block wpex-w-100 wpex-overflow-hidden wpex-transition-opacity wpex-duration-500\" alt=\"\" loading=\"lazy\" decoding=\"async\" \/><img width=\"1000\" height=\"1000\" src=\"https:\/\/stiftung-energieeffizienz.org\/recongeb\/wp-content\/uploads\/sites\/2\/2020\/11\/ReConGeb-Logo_blau-9kg_text_Paris.png\" class=\"vcex-image-swap-secondary wpex-opacity-0 wpex-absolute wpex-inset-0 wpex-block wpex-w-100 wpex-overflow-hidden wpex-transition-opacity wpex-duration-500\" alt=\"\" loading=\"lazy\" decoding=\"async\" \/><\/figure><\/div>[vc_empty_space height=&#8220;30px&#8220;]<style>.vcex-heading.vcex_69dd5e767b1c6{font-weight:300;letter-spacing:10px;}<\/style><div class=\"vcex-heading vcex-heading-plain vcex-module wpex-heading wpex-text-2xl wpex-text-center vcex_69dd5e767b1c6\"><span class=\"vcex-heading-inner wpex-inline-block\">MOTIVATION<\/span><\/div>[vc_empty_space height=&#8220;20px&#8220;][vc_column_text]Was sich heute im W\u00e4rmemarkt abspielt, ist f\u00fcr viele eine Blackbox. ReConGeb setzt hier auf die transparente Zusammenf\u00fchrung von \u00d6kologie und \u00d6konomie anhand bester verf\u00fcgbarer Bewertungs-Methoden. Erfolge und Fehlentwicklungen werden transparent dargestellt, um so zur breiten Realisierung wirklich umweltfreundlicher Wohngeb\u00e4ude beizutragen. Hierzu stellen die Stiftungen langfristig kosteng\u00fcnstige und praxiserprobte Methoden zur Verf\u00fcgung, um eine richtige W\u00e4rme-Energiewende zu erm\u00f6glichen.<br \/>\n<a href=\"https:\/\/stiftung-energieeffizienz.org\/recongeb\/menschen\/\">\u00bb Welche K\u00f6pfe stecken hinter ReConGeb?<\/a>[\/vc_column_text][vc_empty_space height=&#8220;30px&#8220;][\/vc_column][vc_column width=&#8220;1\/3&#8243;]<div  class=\"vcex-module vcex-image-swap wpex-block\"><figure class=\"vcex-image-swap-inner wpex-block wpex-relative wpex-overflow-hidden\"><img width=\"500\" height=\"500\" src=\"https:\/\/stiftung-energieeffizienz.org\/recongeb\/wp-content\/uploads\/sites\/2\/2016\/05\/Startseite_mRank.png\" class=\"vcex-image-swap-primary wpex-block wpex-w-100 wpex-overflow-hidden wpex-transition-opacity wpex-duration-500\" alt=\"Geb\u00e4ude mit Ranking\" loading=\"lazy\" decoding=\"async\" \/><img width=\"500\" height=\"500\" src=\"https:\/\/stiftung-energieeffizienz.org\/recongeb\/wp-content\/uploads\/sites\/2\/2016\/05\/IMG_6048.png\" class=\"vcex-image-swap-secondary wpex-opacity-0 wpex-absolute wpex-inset-0 wpex-block wpex-w-100 wpex-overflow-hidden wpex-transition-opacity wpex-duration-500\" alt=\"\" loading=\"lazy\" decoding=\"async\" \/><\/figure><\/div>[vc_empty_space height=&#8220;30px&#8220;]<style>.vcex-heading.vcex_69dd5e767c63d{font-weight:300;letter-spacing:10px;}<\/style><div class=\"vcex-heading vcex-heading-plain vcex-module wpex-heading wpex-text-2xl wpex-text-center vcex_69dd5e767c63d\"><span class=\"vcex-heading-inner wpex-inline-block\">MITMACHEN<\/span><\/div>[vc_empty_space height=&#8220;20px&#8220;][vc_column_text css=&#8220;.vc_custom_1479397534025{margin-bottom: 10px !important;}&#8220;]Ein breiter Projekterfolg ist auf die Teilnahme weiterer Geb\u00e4ude angewiesen. Gesucht werden Niedrig-energie- und Passivh\u00e4user mit effizienter Verteilung und Beheizung durch beispielsweise Gas, Biomasse, Strom oder Fernw\u00e4rme. Grundvoraussetzung f\u00fcr die Teilnahme ist das Einhalten der <a href=\"https:\/\/stiftung-energieeffizienz.org\/recongeb\/werkzeug\/\">Klimaschutzziele<\/a> von 9 bzw. 12 kgCO<sub>2<\/sub>\/(m\u00b2a). Um die Unabh\u00e4ngigkeit und Kontinuit\u00e4t sicherzustellen, erfolgt die Finanzierung des Projektes f\u00fcr Mehrfamilienh\u00e4user u.a. aus den <a href=\"https:\/\/stiftung-energieeffizienz.org\/recongeb\/transparenz\/\">Beitr\u00e4gen<\/a> der teilnehmenden Geb\u00e4ude.<\/p>\n<p><a href=\"https:\/\/stiftung-energieeffizienz.org\/recongeb\/kontakt\/\">\u00bb Bitte kontaktieren Sie uns hierzu<\/a><\/p>\n<p><iframe style=\"position: absolute; top: 0px; left: 0px; width: 1px; height: 1px; visibility: hidden; background: #ffffff none repeat scroll 0% 0%;\" name=\"xdcom_frame\" width=\"300\" height=\"150\"><\/iframe>[\/vc_column_text][\/vc_column][vc_column width=&#8220;1\/3&#8243;]<div  class=\"vcex-module vcex-image-swap wpex-block\"><figure class=\"vcex-image-swap-inner wpex-block wpex-relative wpex-overflow-hidden\"><img width=\"694\" height=\"694\" src=\"https:\/\/stiftung-energieeffizienz.org\/recongeb\/wp-content\/uploads\/sites\/2\/2016\/05\/Anmelden_ipad_mPortal-1.png\" class=\"vcex-image-swap-primary wpex-block wpex-w-100 wpex-overflow-hidden wpex-transition-opacity wpex-duration-500\" alt=\"\" loading=\"lazy\" decoding=\"async\" \/><img width=\"500\" height=\"500\" src=\"https:\/\/stiftung-energieeffizienz.org\/recongeb\/wp-content\/uploads\/sites\/2\/2016\/05\/iPad_Ranking_Ansicht_recongeb.png\" class=\"vcex-image-swap-secondary wpex-opacity-0 wpex-absolute wpex-inset-0 wpex-block wpex-w-100 wpex-overflow-hidden wpex-transition-opacity wpex-duration-500\" alt=\"\" loading=\"lazy\" decoding=\"async\" \/><\/figure><\/div>[vc_empty_space height=&#8220;30px&#8220;]<style>.vcex-heading.vcex_69dd5e767d6bb{font-weight:300;letter-spacing:10px;}<\/style><div class=\"vcex-heading vcex-heading-plain vcex-module wpex-heading wpex-text-2xl wpex-text-center vcex_69dd5e767d6bb\"><span class=\"vcex-heading-inner wpex-inline-block\">WIRKSAMKEIT<\/span><\/div>[vc_empty_space height=&#8220;20px&#8220;][vc_column_text]ReConGeb unterst\u00fctzt langfristig die Besitzer energiesparender Geb\u00e4ude beim tats\u00e4chlichen Einhalten der Umwelt- und Kostenziele. Monatliche Rankings und j\u00e4hrliche Berichte schaffen f\u00fcr die teilnehmenden Geb\u00e4ude \u2013 im Sinne eines klassischen Controllings \u2013 <a href=\"https:\/\/stiftung-energieeffizienz.org\/images\/pdf\/recongeb_auftakt-ds_2016-03-17_web.pdf\" target=\"_blank\" rel=\"noopener noreferrer\">Transparenz bez\u00fcglich der Geb\u00e4udeperformance<\/a> und zeigen gegebenenfalls Handlungsbedarf auf.<br \/>\nDer dabei entstehende Datenpool erm\u00f6glicht \u00fcber anonymisierte Vergleiche erfahrungsbasierte Investitionen sowie empirisch belegte Forderungen<br \/>\nan die Politik f\u00fcr eine tats\u00e4chliche W\u00e4rmewende.[\/vc_column_text][\/vc_column][\/vc_row][vc_row css=&#8220;.vc_custom_1470752190775{margin-top: 0px !important;}&#8220;][vc_column width=&#8220;1\/2&#8243;][vc_column_text css=&#8220;.vc_custom_1606908708309{padding-bottom: 5px !important;}&#8220;]\n<h3><strong>Teilnehmer<\/strong><\/h3>\n[\/vc_column_text][vc_empty_space height=&#8220;25px&#8220;]<style class=\"vcex-carousel-preload-css\">.vcex_69dd5e767f9c0{--wpex-carousel-gap:25px;}.vcex_69dd5e767f9c0{--wpex-carousel-columns:1;}.vcex_69dd5e767f9c0.wpex-carousel:not(.wpex-carousel--loaded) > *:not(:nth-child(1n+2)){display: flex !important;}@media only screen and (min-width: 480px) {.vcex_69dd5e767f9c0{--wpex-carousel-columns:2;}.vcex_69dd5e767f9c0.wpex-carousel:not(.wpex-carousel--loaded) > *:not(:nth-child(1n+3)){display: flex !important;}}@media only screen and (min-width: 768px) {.vcex_69dd5e767f9c0{--wpex-carousel-columns:3;}.vcex_69dd5e767f9c0.wpex-carousel:not(.wpex-carousel--loaded) > *:not(:nth-child(1n+4)){display: flex !important;}}@media only screen and (min-width: 960px) {.vcex_69dd5e767f9c0{--wpex-carousel-columns:4;}.vcex_69dd5e767f9c0.wpex-carousel:not(.wpex-carousel--loaded) > *:not(:nth-child(1n+5)){display: flex !important;}}<\/style><div class=\"vcex-image-carousel wpex-carousel wpex-carousel-images wpex-clr vcex-module owl-carousel wpex-carousel--render-onload vcex_69dd5e767f9c0 arrwstyle-default arrwpos-default\" data-wpex-carousel=\"{&quot;autoplay&quot;:&quot;true&quot;,&quot;margin&quot;:25,&quot;slideBy&quot;:1,&quot;responsive&quot;:{&quot;0&quot;:{&quot;items&quot;:&quot;1&quot;},&quot;480&quot;:{&quot;items&quot;:&quot;2&quot;},&quot;768&quot;:{&quot;items&quot;:&quot;3&quot;},&quot;960&quot;:{&quot;items&quot;:&quot;4&quot;}},&quot;smartSpeed&quot;:2000}\"><div class=\"wpex-carousel-slide\"><figure class=\"wpex-carousel-entry-media entry-media wpex-relative wpex-image-hover grayscale-invert image-filter-grayscale\"><img width=\"475\" height=\"192\" src=\"https:\/\/stiftung-energieeffizienz.org\/recongeb\/wp-content\/uploads\/sites\/2\/2016\/05\/66_Logo-neu.jpg\" class=\"wpex-align-middle skip-lazy\" alt=\"Erbauverein K\u00f6ln Logo\" data-no-lazy=\"1\" \/><\/figure><\/div><div class=\"wpex-carousel-slide\"><figure class=\"wpex-carousel-entry-media entry-media wpex-relative wpex-image-hover grayscale-invert image-filter-grayscale\"><img width=\"650\" height=\"211\" src=\"https:\/\/stiftung-energieeffizienz.org\/recongeb\/wp-content\/uploads\/sites\/2\/2016\/05\/GWG_Schwerte_eG.jpg\" class=\"wpex-align-middle skip-lazy\" alt=\"GWG Schwerte eG Logo\" data-no-lazy=\"1\" \/><\/figure><\/div><div class=\"wpex-carousel-slide\"><figure class=\"wpex-carousel-entry-media entry-media wpex-relative wpex-image-hover grayscale-invert image-filter-grayscale\"><img width=\"95\" height=\"75\" src=\"https:\/\/stiftung-energieeffizienz.org\/recongeb\/wp-content\/uploads\/sites\/2\/2016\/05\/GWG_1897_s.jpg\" class=\"wpex-align-middle skip-lazy\" alt=\"\" data-no-lazy=\"1\" \/><\/figure><\/div><div class=\"wpex-carousel-slide\"><figure class=\"wpex-carousel-entry-media entry-media wpex-relative wpex-image-hover grayscale-invert image-filter-grayscale\"><img width=\"400\" height=\"233\" src=\"https:\/\/stiftung-energieeffizienz.org\/recongeb\/wp-content\/uploads\/sites\/2\/2016\/05\/hwg.png\" class=\"wpex-align-middle skip-lazy\" alt=\"hwg logo wohnungsbaugesellschaft\" data-no-lazy=\"1\" \/><\/figure><\/div><div class=\"wpex-carousel-slide\"><figure class=\"wpex-carousel-entry-media entry-media wpex-relative wpex-image-hover grayscale-invert image-filter-grayscale\"><img width=\"1001\" height=\"379\" src=\"https:\/\/stiftung-energieeffizienz.org\/recongeb\/wp-content\/uploads\/sites\/2\/2016\/05\/ggh.png\" class=\"wpex-align-middle skip-lazy\" alt=\"GGH Wohnungsbaugesellschaft\" data-no-lazy=\"1\" \/><\/figure><\/div><div class=\"wpex-carousel-slide\"><figure class=\"wpex-carousel-entry-media entry-media wpex-relative wpex-image-hover grayscale-invert image-filter-grayscale\"><img width=\"183\" height=\"46\" src=\"https:\/\/stiftung-energieeffizienz.org\/recongeb\/wp-content\/uploads\/sites\/2\/2016\/05\/gb_ahlen_s.jpg\" class=\"wpex-align-middle skip-lazy\" alt=\"Gemeinn\u00fctziger Bauverein Ahlen Logo\" data-no-lazy=\"1\" \/><\/figure><\/div><div class=\"wpex-carousel-slide\"><figure class=\"wpex-carousel-entry-media entry-media wpex-relative wpex-image-hover grayscale-invert image-filter-grayscale\"><img width=\"500\" height=\"320\" src=\"https:\/\/stiftung-energieeffizienz.org\/recongeb\/wp-content\/uploads\/sites\/2\/2016\/05\/Logo_RheinwohnungsbauDuesseldorf-quad.png\" class=\"wpex-align-middle skip-lazy\" alt=\"Logo Rheinwohnungsbau Duesseldorf\" data-no-lazy=\"1\" \/><\/figure><\/div><div class=\"wpex-carousel-slide\"><figure class=\"wpex-carousel-entry-media entry-media wpex-relative wpex-image-hover grayscale-invert image-filter-grayscale\"><img width=\"145\" height=\"104\" src=\"https:\/\/stiftung-energieeffizienz.org\/recongeb\/wp-content\/uploads\/sites\/2\/2016\/05\/gewog_logo.png\" class=\"wpex-align-middle skip-lazy\" alt=\"GEWOG logo\" data-no-lazy=\"1\" \/><\/figure><\/div><\/div>[\/vc_column][vc_column width=&#8220;1\/2&#8243;][vc_column_text css=&#8220;.vc_custom_1607084512099{padding-bottom: 5px !important;}&#8220;]\n<h3><strong>Pressestimmen zum Projekt<\/strong><\/h3>\n[\/vc_column_text]<style class=\"vcex-carousel-preload-css\">.vcex_69dd5e7682eda{--wpex-carousel-gap:25px;}.vcex_69dd5e7682eda{--wpex-carousel-columns:1;}.vcex_69dd5e7682eda.wpex-carousel:not(.wpex-carousel--loaded) > *:not(:nth-child(1n+2)){display: flex !important;}@media only screen and (min-width: 480px) {.vcex_69dd5e7682eda{--wpex-carousel-columns:2;}.vcex_69dd5e7682eda.wpex-carousel:not(.wpex-carousel--loaded) > *:not(:nth-child(1n+3)){display: flex !important;}}@media only screen and (min-width: 768px) {.vcex_69dd5e7682eda{--wpex-carousel-columns:3;}.vcex_69dd5e7682eda.wpex-carousel:not(.wpex-carousel--loaded) > *:not(:nth-child(1n+4)){display: flex !important;}}@media only screen and (min-width: 960px) {.vcex_69dd5e7682eda{--wpex-carousel-columns:3;}.vcex_69dd5e7682eda.wpex-carousel:not(.wpex-carousel--loaded) > *:not(:nth-child(1n+4)){display: flex !important;}}<\/style><div class=\"vcex-image-carousel wpex-carousel wpex-carousel-images wpex-clr vcex-module owl-carousel wpex-carousel--render-onload vcex_69dd5e7682eda arrwstyle-default arrwpos-default\" data-wpex-carousel=\"{&quot;autoplay&quot;:&quot;true&quot;,&quot;margin&quot;:25,&quot;slideBy&quot;:1,&quot;items&quot;:3,&quot;responsive&quot;:{&quot;0&quot;:{&quot;items&quot;:&quot;1&quot;},&quot;480&quot;:{&quot;items&quot;:&quot;2&quot;},&quot;768&quot;:{&quot;items&quot;:&quot;3&quot;},&quot;960&quot;:{&quot;items&quot;:3}},&quot;smartSpeed&quot;:2000}\"><div class=\"wpex-carousel-slide\"><figure class=\"wpex-carousel-entry-media entry-media wpex-relative wpex-image-hover grayscale-invert image-filter-grayscale\"><a href=\"https:\/\/stiftung-energieeffizienz.org\/images\/pdf\/hlh_04-2016.pdf\" class=\"wpex-carousel-entry-img\" target=\"_blank\" rel=\"noopener noreferrer\"><img width=\"853\" height=\"270\" src=\"https:\/\/stiftung-energieeffizienz.org\/recongeb\/wp-content\/uploads\/sites\/2\/2016\/05\/logo_hlh.png\" class=\"wpex-align-middle skip-lazy\" alt=\"HLH Logo\" data-no-lazy=\"1\" \/><\/a><\/figure><\/div><div class=\"wpex-carousel-slide\"><figure class=\"wpex-carousel-entry-media entry-media wpex-relative wpex-image-hover grayscale-invert image-filter-grayscale\"><a href=\"https:\/\/stiftung-energieeffizienz.org\/images\/pdf\/bbb%20stiftung%20energieeffizienz%2010-15.pdf\" class=\"wpex-carousel-entry-img\" target=\"_blank\" rel=\"noopener noreferrer\"><img width=\"398\" height=\"283\" src=\"https:\/\/stiftung-energieeffizienz.org\/recongeb\/wp-content\/uploads\/sites\/2\/2016\/05\/BBB_2015.png\" class=\"wpex-align-middle skip-lazy\" alt=\"\" data-no-lazy=\"1\" \/><\/a><\/figure><\/div><div class=\"wpex-carousel-slide\"><figure class=\"wpex-carousel-entry-media entry-media wpex-relative wpex-image-hover grayscale-invert image-filter-grayscale\"><a href=\"http:\/\/www.oekonews.at\/?mdoc_id=1115396\" class=\"wpex-carousel-entry-img\" target=\"_blank\" rel=\"noopener noreferrer\"><img width=\"307\" height=\"125\" src=\"https:\/\/stiftung-energieeffizienz.org\/recongeb\/wp-content\/uploads\/sites\/2\/2016\/05\/oekonews-logo-round.png\" class=\"wpex-align-middle skip-lazy\" alt=\"\" data-no-lazy=\"1\" \/><\/a><\/figure><\/div><div class=\"wpex-carousel-slide\"><figure class=\"wpex-carousel-entry-media entry-media wpex-relative wpex-image-hover grayscale-invert image-filter-grayscale\"><a href=\"http:\/\/www.enbausa.de\/heizung-warmwasser\/aktuelles\/artikel\/stiftung-will-waermewende-mit-monitoring-pushen-4899.html\" class=\"wpex-carousel-entry-img\" target=\"_blank\" rel=\"noopener noreferrer\"><img width=\"564\" height=\"283\" src=\"https:\/\/stiftung-energieeffizienz.org\/recongeb\/wp-content\/uploads\/sites\/2\/2016\/05\/logo_enbausa-1.jpg\" class=\"wpex-align-middle skip-lazy\" alt=\"\" data-no-lazy=\"1\" \/><\/a><\/figure><\/div><div class=\"wpex-carousel-slide\"><figure class=\"wpex-carousel-entry-media entry-media wpex-relative wpex-image-hover grayscale-invert image-filter-grayscale\"><a href=\"https:\/\/stiftung-energieeffizienz.org\/wp-content\/uploads\/2017\/09\/Klimaschutzsiedlung-Westhoven_final_web.pdf\" class=\"wpex-carousel-entry-img\" target=\"_blank\" rel=\"noopener noreferrer\"><img width=\"200\" height=\"136\" src=\"https:\/\/stiftung-energieeffizienz.org\/recongeb\/wp-content\/uploads\/sites\/2\/2016\/05\/Klimaschutzsiedlung-Westhoven.png\" class=\"wpex-align-middle skip-lazy\" alt=\"\" data-no-lazy=\"1\" \/><\/a><\/figure><\/div><div class=\"wpex-carousel-slide\"><figure class=\"wpex-carousel-entry-media entry-media wpex-relative wpex-image-hover grayscale-invert image-filter-grayscale\"><a href=\"http:\/\/www.energieagentur.nrw\/eanrw\/jetzt_werden_referenzgebaeude_gesucht\" class=\"wpex-carousel-entry-img\" target=\"_blank\" rel=\"noopener noreferrer\"><img width=\"1180\" height=\"472\" src=\"https:\/\/stiftung-energieeffizienz.org\/recongeb\/wp-content\/uploads\/sites\/2\/2016\/05\/EnergieAgentur_Logo_NEU-1.jpg\" class=\"wpex-align-middle skip-lazy\" alt=\"\" data-no-lazy=\"1\" \/><\/a><\/figure><\/div><\/div>[\/vc_column][\/vc_row]\n","protected":false},"excerpt":{"rendered":"<p>[vc_row][vc_column][\/vc_column][\/vc_row][vc_row][vc_column width=&#8220;5\/12&#8243;][vc_column_text]Energiesparende Bau- und Sanierungsma\u00dfnahmen verfehlen derzeit oft Klimaschutz- und Kostenziele. Gr\u00fcnde sind unter anderem die Ausrichtung des Bauwesens auf theoretische Zielwerte sowie die fehlende \u00dcberpr\u00fcfung des tats\u00e4chlichen Erfolgs. Mit den bestehenden Instrumenten kann die Energiewende nicht erfolgreich gesteuert werden. Um diese L\u00fccke zu schlie\u00dfen und tats\u00e4chlich klimasch\u00fctzende Geb\u00e4ude umzusetzen, die geringe Heiz- und Instandsetzungskosten&hellip;<\/p>\n","protected":false},"author":1,"featured_media":0,"parent":0,"menu_order":0,"comment_status":"closed","ping_status":"open","template":"","meta":{"footnotes":""},"class_list":["post-2","page","type-page","status-publish","hentry","entry","no-media"],"_links":{"self":[{"href":"https:\/\/stiftung-energieeffizienz.org\/recongeb\/wp-json\/wp\/v2\/pages\/2","targetHints":{"allow":["GET"]}}],"collection":[{"href":"https:\/\/stiftung-energieeffizienz.org\/recongeb\/wp-json\/wp\/v2\/pages"}],"about":[{"href":"https:\/\/stiftung-energieeffizienz.org\/recongeb\/wp-json\/wp\/v2\/types\/page"}],"author":[{"embeddable":true,"href":"https:\/\/stiftung-energieeffizienz.org\/recongeb\/wp-json\/wp\/v2\/users\/1"}],"replies":[{"embeddable":true,"href":"https:\/\/stiftung-energieeffizienz.org\/recongeb\/wp-json\/wp\/v2\/comments?post=2"}],"version-history":[{"count":138,"href":"https:\/\/stiftung-energieeffizienz.org\/recongeb\/wp-json\/wp\/v2\/pages\/2\/revisions"}],"predecessor-version":[{"id":1108,"href":"https:\/\/stiftung-energieeffizienz.org\/recongeb\/wp-json\/wp\/v2\/pages\/2\/revisions\/1108"}],"wp:attachment":[{"href":"https:\/\/stiftung-energieeffizienz.org\/recongeb\/wp-json\/wp\/v2\/media?parent=2"}],"curies":[{"name":"wp","href":"https:\/\/api.w.org\/{rel}","templated":true}]}}