{"id":390,"date":"2016-08-17T09:58:49","date_gmt":"2016-08-17T07:58:49","guid":{"rendered":"http:\/\/recheck.de\/recongeb\/?page_id=390"},"modified":"2020-12-04T16:40:09","modified_gmt":"2020-12-04T15:40:09","slug":"fuer-mehrfamilienhaeuser","status":"publish","type":"page","link":"https:\/\/stiftung-energieeffizienz.org\/recongeb\/fuer-mehrfamilienhaeuser\/","title":{"rendered":"f\u00fcr Mehrfamilienh\u00e4user"},"content":{"rendered":"[vc_row][vc_column]<div class=\"wpex-slider-preloaderimg wpex-relative\"><img width=\"1200\" height=\"442\" src=\"https:\/\/stiftung-energieeffizienz.org\/recongeb\/wp-content\/uploads\/sites\/2\/2016\/08\/Header_MFH_gebaeude_neutral.png\" class=\"skip-lazy\" alt=\"\" data-no-lazy=\"1\" \/><\/div><div class=\"vcex-image-slider vcex-module wpex-slider slider-pro wpex-clr\" data-loop=\"true\" data-auto-play-delay=\"5000\" data-animation-speed=\"2000\" data-height-animation-duration=\"500\" data-thumbnail-height=\"70\" data-thumbnail-width=\"70\"><div class=\"wpex-slider-slides sp-slides\"><div class=\"wpex-slider-slide sp-slide\"><div class=\"wpex-slider-media wpex-relative\"><img width=\"1200\" height=\"442\" src=\"https:\/\/stiftung-energieeffizienz.org\/recongeb\/wp-content\/uploads\/sites\/2\/2016\/08\/Header_MFH_gebaeude_neutral.png\" class=\"skip-lazy\" alt=\"\" data-no-lazy=\"1\" \/><\/div><\/div><div class=\"wpex-slider-slide sp-slide\"><div class=\"wpex-slider-media wpex-relative\"><img width=\"1200\" height=\"442\" src=\"https:\/\/stiftung-energieeffizienz.org\/recongeb\/wp-content\/uploads\/sites\/2\/2016\/08\/Header_3_effizienzmonitor2-1.png\" class=\"skip-lazy\" alt=\"\" data-no-lazy=\"1\" \/><\/div><\/div><div class=\"wpex-slider-slide sp-slide\"><div class=\"wpex-slider-media wpex-relative\"><img width=\"1200\" height=\"442\" src=\"https:\/\/stiftung-energieeffizienz.org\/recongeb\/wp-content\/uploads\/sites\/2\/2016\/08\/Header_4_anlage-1.png\" class=\"skip-lazy\" alt=\"\" data-no-lazy=\"1\" \/><\/div><\/div><\/div><\/div>[\/vc_column][\/vc_row][vc_row][vc_column width=&#8220;1\/4&#8243;][vc_toggle title=&#8220;Allgemeine Informationen&#8220; el_id=&#8220;1471425488693-64487431-0221&#8243; css=&#8220;.vc_custom_1480000730537{margin-top: 0px !important;margin-bottom: 0px !important;border-top-width: 0px !important;border-bottom-width: 0px !important;padding-top: 0px !important;padding-bottom: 0px !important;}&#8220;]<a title=\"Arbeitspapier Energiewende RICHTIG machen\" href=\"https:\/\/stiftung-energieeffizienz.org\/images\/pdf\/recongeb_handout_2016-06-01.pdf\" target=\"_blank\" rel=\"noopener noreferrer\">\u00bb Infos f\u00fcr Projektinteressierte<br \/>\n<\/a>\u00a0\u00a0 (2 Seiten | PDF)<\/p>\n<p><a href=\"https:\/\/stiftung-energieeffizienz.org\/images\/pdf\/recongeb_projektablauf_plausicheck_2016-11-07.pdf\" target=\"_blank\" rel=\"noopener noreferrer\">\u00bb Plausibilit\u00e4tspr\u00fcfung<\/a><a title=\"Arbeitspapier Energiewende RICHTIG machen\" href=\"https:\/\/stiftung-energieeffizienz.org\/images\/pdf\/stiftung-energieeffizienz_arbeitspapier_recongeb_2015-06-16.pdf\"><br \/>\n<\/a>\u00a0\u00a0 (3 Seiten | PDF)<\/p>\n<p><a title=\"Arbeitspapier Energiewende RICHTIG machen\" href=\"https:\/\/stiftung-energieeffizienz.org\/images\/pdf\/recongeb_teilnahmeerklarung_2016-03-21.pdf\" target=\"_blank\" rel=\"noopener noreferrer\">\u00bb Teilnahmeerkl\u00e4rung<br \/>\n<\/a>\u00a0\u00a0 (2 Seiten | PDF)<\/p>\n<p><iframe style=\"position: absolute; top: 0px; left: 0px; width: 1px; height: 1px; visibility: hidden; background: #ffffff none repeat scroll 0% 0%;\" name=\"xdcom_frame\" width=\"300\" height=\"150\"><\/iframe><\/p>\n<p><iframe style=\"position: absolute; top: 0px; left: 0px; width: 1px; height: 1px; visibility: hidden; background: #ffffff none repeat scroll 0% 0%;\" name=\"xdcom_frame\" width=\"300\" height=\"150\"><\/iframe>[\/vc_toggle][vc_toggle title=&#8220;Methodik&#8220; el_id=&#8220;1471435560128-21a2d28e-de24&#8243; css=&#8220;.vc_custom_1480001597888{margin-bottom: 0px !important;border-bottom-width: 0px !important;padding-bottom: 0px !important;}&#8220;]Hier finden Sie Informationen zur Methodik und zum Monitoring der \u00f6konomischen und \u00f6kologischen Kennwerte.<\/p>\n<p><a title=\"Arbeitspapier Energiewende RICHTIG machen\" href=\"https:\/\/stiftung-energieeffizienz.org\/images\/pdf\/stiftung-energieeffizienz_arbeitspapier_recongeb_2016-10-28.pdf\" target=\"_blank\" rel=\"noopener noreferrer\">\u00bb ReConGeb Arbeitspapier<br \/>\n<\/a>\u00a0\u00a0 (55 Seiten | PDF)<\/p>\n<p><a title=\"Arbeitspapier Energiewende RICHTIG machen\" href=\"https:\/\/stiftung-energieeffizienz.org\/recongeb\/wp-content\/uploads\/sites\/2\/2016\/11\/ReConGeb_Arbeitshillfe-Investerfassung_2016-11-21.pdf\" target=\"_blank\" rel=\"noopener noreferrer\">\u00bb Arbeitshillfe-Investerfassung<br \/>\n<\/a>\u00a0\u00a0 (19 Seiten | PDF)<\/p>\n<p><a title=\"Arbeitspapier Energiewende RICHTIG machen\" href=\"https:\/\/stiftung-energieeffizienz.org\/recongeb\/wp-content\/uploads\/sites\/2\/2016\/11\/ReConGeb_Neubau_Formbl\u00e4tter_2016-11-21.xlsx\" target=\"_blank\" rel=\"noopener noreferrer\">\u00bb Neubau Formbl\u00e4tter<br \/>\n<\/a>\u00a0\u00a0 (3 Seiten | Excel)<\/p>\n<p><a title=\"Arbeitspapier Energiewende RICHTIG machen\" href=\"https:\/\/stiftung-energieeffizienz.org\/recongeb\/wp-content\/uploads\/sites\/2\/2016\/11\/ReConGeb_Sanierung_Formbl\u00e4tter_2016-11-21.xlsx\" target=\"_blank\" rel=\"noopener noreferrer\">\u00bb Sanierung Formbl\u00e4tter<br \/>\n<\/a>\u00a0\u00a0 (3 Seiten | Excel)<\/p>\n<p><a title=\"Arbeitspapier Energiewende RICHTIG machen\" href=\"https:\/\/stiftung-energieeffizienz.org\/recongeb\/wp-content\/uploads\/sites\/2\/2016\/11\/ReConGeb_Wirtschaftlichkeit_2016-11-17.pdf\" target=\"_blank\" rel=\"noopener noreferrer\">\u00bb Wirtschaftlichkeit<br \/>\n<\/a>\u00a0\u00a0 (38 Seiten | PDF)<\/p>\n<p><iframe style=\"position: absolute; top: 0px; left: 0px; width: 1px; height: 1px; visibility: hidden; background: #ffffff none repeat scroll 0% 0%;\" name=\"xdcom_frame\" width=\"300\" height=\"150\"><\/iframe>[\/vc_toggle][vc_toggle title=&#8220;Jahresberichte&#8220; el_id=&#8220;1471435402380-8858f54e-a486&#8243; css=&#8220;.vc_custom_1471435679291{margin-top: 0px !important;margin-bottom: 0px !important;border-top-width: 0px !important;border-bottom-width: 0px !important;padding-top: 0px !important;padding-bottom: 0px !important;}&#8220;]Hier finden Sie ab 2018 Jahresberichte mit den anonymisierten Daten der teilnehmenden Geb\u00e4ude.[\/vc_toggle][vc_toggle title=&#8220;Politikberichte&#8220; el_id=&#8220;1471435057923-7a57c606-de87&#8243; css=&#8220;.vc_custom_1472139056356{margin-bottom: 0px !important;border-bottom-width: 0px !important;padding-bottom: 0px !important;}&#8220;]Hier finden Sie ab 2020 Politikberichte mit den anonymisierten Daten der teilnehmenden Geb\u00e4ude und empirisch belegten Forderungen zur Beseitigung von Fehlentwicklungen im Bauregelwesen und zur Schaffung optimaler Anreizsysteme, die \u00f6konomische und \u00f6kologische Nachhaltigkeit belohnen.[\/vc_toggle][vc_toggle title=&#8220;Support Qualit\u00e4tssicherung&#8220; el_id=&#8220;1471957742494-306d4e19-3c55&#8243; css=&#8220;.vc_custom_1479399529430{margin-top: 0px !important;margin-bottom: 0px !important;border-top-width: 0px !important;border-bottom-width: 0px !important;padding-top: 0px !important;padding-bottom: 0px !important;}&#8220;]An dieser Stelle kann auf Wunsch der Teilnehmenden die energetische Bewirtschaftung hocheffizienter Geb\u00e4ude durch Formatvorlagen unterst\u00fctzt werden:<\/p>\n<p>\u2022\u00a0 <a href=\"https:\/\/stiftung-energieeffizienz.org\/garantievertraege-allgemein\/\">Garantievertr\u00e4ge<\/a><br \/>\n\u2022\u00a0 Wartungsprotokolle<\/p>\n<p><strong>Ausschreibungstexte<br \/>\n<\/strong>\u2022\u00a0 Dokumentation, Beschriftung<br \/>\n\u2022\u00a0 Qualit\u00e4tssicherung<br \/>\n\u2022\u00a0 Messwerterfassung<br \/>\n\u2022\u00a0 Wartung<br \/>\n\u2022\u00a0 Checklisten Messwert-Erfassung<\/p>\n<p><iframe style=\"position: absolute; top: 0px; left: 0px; width: 1px; height: 1px; visibility: hidden; background: #ffffff none repeat scroll 0% 0%;\" name=\"xdcom_frame\" width=\"300\" height=\"150\"><\/iframe>[\/vc_toggle][\/vc_column][vc_column width=&#8220;1\/2&#8243;][vc_column_text css=&#8220;.vc_custom_1471859065994{margin-bottom: 0px !important;border-bottom-width: 0px !important;padding-bottom: 0px !important;}&#8220;]\n<p style=\"text-align: left;\">Das Projekt bef\u00e4higt die Teilnehmer zu Kontrolle und professioneller energetischer Bewirtschaftung ihrer Wohngeb\u00e4ude. Der Endenergieverbrauch, w\u00e4rmegebundene Kosten, CO<sub>2<\/sub>-Emissionen sowie Effizienzparameter werden regelm\u00e4\u00dfig auf ihre Zielerreichung \u00fcberpr\u00fcft. Ma\u00dfnahmen zu W\u00e4rmeschutz, L\u00fcftung und W\u00e4rmeverteilung, sowie Systeme zur W\u00e4rmeversorgung werden verglichen.<\/p>\n<p>Die ReConGeb-Stammdatenerfassung und Z\u00e4hlwertverarbeitung ist in langj\u00e4hrigen, wohnungswirtschaftlichen Routinen auf den minimalen Aufwand hin entwickelt \u2013 oft sind dies nur wenige Minuten pro Monat. Der Aufwand zur gegebenenfalls notwendigen Optimierung und Nachbesserung von Geb\u00e4uden und Anlagen variiert stark. Hier bietet das Projekt Unterst\u00fctzung, beispielsweise durch FAQs und Austausch der Teilnehmerinnen und Teilnehmer.<strong><br \/>\n<\/strong>[\/vc_column_text][\/vc_column][vc_column width=&#8220;1\/4&#8243;][vc_column_text]<strong>Hinweis:<br \/>\n<\/strong>Der Teilnehmerbereich befindet sich in \u00dcberarbeitung. Wir bitten die ReConGeb-Teilnehmer bis zum Abschluss der Arbeiten Berichte per E-Mail anzufordern.[\/vc_column_text][\/vc_column][\/vc_row][vc_row][vc_column width=&#8220;1\/4&#8243; css=&#8220;.vc_custom_1470908311286{margin-top: 0px !important;}&#8220;]<style>.vcex-heading.vcex_69e74dd933d05{color:#666666;font-weight:300;letter-spacing:8px;}<\/style><div class=\"vcex-heading vcex-heading-plain vcex-module wpex-heading wpex-text-2xl wpex-text-left vc_custom_1471436533146 vcex_69e74dd933d05\"><span class=\"vcex-heading-inner wpex-inline-block\">TEILNAHME<\/span><\/div>[vc_column_text]Grundvoraussetzung f\u00fcr die Teilnahme weiterer effizienter Geb\u00e4ude ist das Einhalten der Klimaschutzziele von 9 bzw. 12 kgCO<sub>2<\/sub>\/(m\u00b2a). F\u00fcr ein Mehrfamilienhaus fallen als Finanzierungsbeitrag des Langzeitprojektes einmalig 2.000 \u20ac an. Die j\u00e4hrlichen Kosten betragen 200 \u20ac pro Jahr bei einer Mindestlaufzeit von 5 Jahren (Ziel 15 Jahre).<br \/>\nF\u00fcr eine unverbindliche Pr\u00fcfung Ihres Geb\u00e4udes k\u00f6nnen Sie uns gerne kontaktieren oder uns direkt eine ausgef\u00fcllte <a href=\"https:\/\/stiftung-energieeffizienz.org\/images\/pdf\/recongeb_projektablauf_plausicheck_2016-11-07.pdf\" target=\"_blank\" rel=\"noopener noreferrer\">Plausibilit\u00e4tspr\u00fcfung<\/a> zusenden.<\/p>\n<p>Wir freuen uns \u00fcber Ihre Teilnahme.<\/p>\n<p><iframe style=\"position: absolute; top: 0px; left: 0px; width: 1px; height: 1px; visibility: hidden; background: #ffffff none repeat scroll 0% 0%;\" name=\"xdcom_frame\" width=\"300\" height=\"150\"><\/iframe><\/p>\n<p><iframe style=\"position: absolute; top: 0px; left: 0px; width: 1px; height: 1px; visibility: hidden; background: #ffffff none repeat scroll 0% 0%;\" name=\"xdcom_frame\" width=\"300\" height=\"150\"><\/iframe>[\/vc_column_text][vc_empty_space height=&#8220;20px&#8220;][vc_empty_space height=&#8220;20px&#8220;][\/vc_column][vc_column width=&#8220;1\/2&#8243;]<style>.vcex-heading.vcex_69e74dd93488a{color:#666666;font-weight:300;letter-spacing:8px;}<\/style><div class=\"vcex-heading vcex-heading-plain vcex-module wpex-heading wpex-text-2xl wpex-text-left vc_custom_1471436548387 vcex_69e74dd93488a\"><span class=\"vcex-heading-inner wpex-inline-block\">PROJEKTNUTZEN<\/span><\/div>[vc_column_text]<strong>Regelm\u00e4\u00dfige Reports und Rankings<\/strong><br \/>\n\u2022 <span style=\"color: #ffffff;\">o<\/span>Monatliches Monitoring von Effizienzparametern mit Kommentaren zur <span style=\"color: #ffffff;\">oo<\/span>Unterst\u00fctzung Ihrer Betriebsoptimierung<br \/>\n\u2022 <span style=\"color: #ffffff;\">\u00a0<\/span> Monatlich \u00fcberschl\u00e4gige Information zu Heizkosten<br \/>\n\u2022 <span style=\"color: #ffffff;\">o<\/span>J\u00e4hrliche Reports zu Effizienz, Wirtschaftlichkeit, Instandhaltungsaufwand und <span style=\"color: #ffffff;\">o<\/span><span style=\"color: #ffffff;\">o<\/span>Emissionen<br \/>\n\u2022 <span style=\"color: #ffffff;\">o<\/span>Login f\u00fcr Teilnehmer, um pers\u00f6nliche Ergebnisse einzusehen und zu<span style=\"color: #ffffff;\">o<\/span>vergleichen<\/p>\n<p><strong>Unterst\u00fctzung der Bestandsentwicklung<\/strong><br \/>\n\u2022<span style=\"color: #ffffff;\">o<\/span><span style=\"color: #ffffff;\">o<\/span>Informationen zu Messpunkten f\u00fcr die Kontrolle des bestimmungsgem\u00e4\u00dfen <span style=\"color: #ffffff;\">o<\/span><span style=\"color: #ffffff;\">o<\/span><span style=\"color: #ffffff;\">o<\/span>Anlagenbetriebs<br \/>\n\u2022<span style=\"color: #ffffff;\">o<\/span><span style=\"color: #ffffff;\">o<\/span>Informationen zu Energiekonzept, F\u00f6rderunterlagen und Qualit\u00e4tssicherung<br \/>\n\u2022<span style=\"color: #ffffff;\">o<\/span><span style=\"color: #ffffff;\">o<\/span>Unterst\u00fctzung der Kaltmietkalkulation durch zuverl\u00e4ssige<br \/>\n<span style=\"color: #ffffff;\">o<\/span><span style=\"color: #ffffff;\">o<\/span><span style=\"color: #ffffff;\">o<\/span>Betriebskosten-Informationen<br \/>\n\u2022<span style=\"color: #ffffff;\">o<\/span><span style=\"color: #ffffff;\">o<\/span>Material zur Pr\u00e4sentation der Geb\u00e4udeperformance<\/p>\n<p><a href=\"https:\/\/stiftung-energieeffizienz.org\/images\/pdf\/recongeb_handout_2016-06-01.pdf\" target=\"_blank\" rel=\"noopener noreferrer\">\u00bb Informationen f\u00fcr Projektinteressierte<\/a><\/p>\n<p><iframe style=\"position: absolute; top: 0px; left: 0px; width: 1px; height: 1px; visibility: hidden; background: #ffffff none repeat scroll 0% 0%;\" name=\"xdcom_frame\" width=\"300\" height=\"150\"><\/iframe><\/p>\n<p><iframe style=\"position: absolute; top: 0px; left: 0px; width: 1px; height: 1px; visibility: hidden; background: #ffffff none repeat scroll 0% 0%;\" name=\"xdcom_frame\" width=\"300\" height=\"150\"><\/iframe>[\/vc_column_text][\/vc_column][vc_column width=&#8220;1\/4&#8243;]<style>.vcex-heading.vcex_69e74dd934e7b{color:#666666;font-weight:300;letter-spacing:8px;}<\/style><div class=\"vcex-heading vcex-heading-plain vcex-module wpex-heading wpex-text-2xl wpex-text-left vc_custom_1471436492391 vcex_69e74dd934e7b\"><span class=\"vcex-heading-inner wpex-inline-block\">LANGFRISTIG<\/span><\/div>[vc_column_text]Durch Kenntnis der realen Effizienz verschiedener Konzepte k\u00f6nnen Folgeinvestitionen in tats\u00e4chlich wirtschaftliche L\u00f6sungen erfolgen. Dar\u00fcber hinaus sollen alle vier Jahre Politkreports erstellt werden, die wichtige Impulse f\u00fcr die Energiewende insgesamt geben. Sie enthalten beispielsweise empirisch belegte Forderungen zur Beseitigung von Fehlentwicklungen im Bauregelwesen und zur Schaffung optimaler Anreizsysteme, die \u00f6konomische und \u00f6kologische Nachhaltigkeit belohnen. Ziel ist es etwa 300 Mehrfamilienh\u00e4user in diesem Projekt nachzuverfolgen und die Energiewende damit zu steuern.<\/p>\n<p><iframe style=\"position: absolute; top: 0px; left: 0px; width: 1px; height: 1px; visibility: hidden; background: #ffffff none repeat scroll 0% 0%;\" name=\"xdcom_frame\" width=\"300\" height=\"150\"><\/iframe>[\/vc_column_text][\/vc_column][\/vc_row][vc_row][vc_column width=&#8220;3\/4&#8243; css=&#8220;.vc_custom_1471435974406{margin-bottom: 0px !important;border-bottom-width: 0px !important;padding-bottom: 20px !important;}&#8220;]<style>.vcex-heading.vcex_69e74dd9353fd{color:#666666;font-weight:300;letter-spacing:8px;}<\/style><div class=\"vcex-heading vcex-heading-plain vcex-module wpex-heading wpex-text-2xl wpex-text-left vcex_69e74dd9353fd\"><span class=\"vcex-heading-inner wpex-inline-block\">RECONGEB BEISPIELGEB\u00c4UDE<\/span><\/div>[\/vc_column][\/vc_row][vc_row][vc_column width=&#8220;1\/3&#8243; css=&#8220;.vc_custom_1471351594218{margin: 0px !important;border-width: 0px !important;padding: 0px !important;}&#8220;][vc_single_image image=&#8220;665&#8243; img_size=&#8220;323&#215;323&#8243; onclick=&#8220;link_image&#8220; lightbox_custom_img=&#8220;743&#8243; css=&#8220;.vc_custom_1606923048455{padding-left: 15px !important;}&#8220;][\/vc_column][vc_column width=&#8220;1\/3&#8243;][vc_single_image image=&#8220;446&#8243; onclick=&#8220;link_image&#8220; lightbox_custom_img=&#8220;744&#8243;][\/vc_column][vc_column width=&#8220;1\/3&#8243;][vc_single_image image=&#8220;447&#8243; onclick=&#8220;link_image&#8220; lightbox_custom_img=&#8220;745&#8243;][\/vc_column][\/vc_row][vc_row][vc_column][vc_column_text css=&#8220;.vc_custom_1471437579237{margin-top: 0px !important;border-top-width: 0px !important;padding-top: 0px !important;}&#8220;]\n<h3><strong>Teilnehmer aus der Wohnungswirtschaft<\/strong><\/h3>\n[\/vc_column_text][vc_empty_space height=&#8220;25px&#8220;]<style class=\"vcex-carousel-preload-css\">.vcex_69e74dd936f86{--wpex-carousel-gap:25px;}.vcex_69e74dd936f86{--wpex-carousel-columns:1;}.vcex_69e74dd936f86.wpex-carousel:not(.wpex-carousel--loaded) > *:not(:nth-child(1n+2)){display: flex !important;}@media only screen and (min-width: 480px) {.vcex_69e74dd936f86{--wpex-carousel-columns:2;}.vcex_69e74dd936f86.wpex-carousel:not(.wpex-carousel--loaded) > *:not(:nth-child(1n+3)){display: flex !important;}}@media only screen and (min-width: 768px) {.vcex_69e74dd936f86{--wpex-carousel-columns:3;}.vcex_69e74dd936f86.wpex-carousel:not(.wpex-carousel--loaded) > *:not(:nth-child(1n+4)){display: flex !important;}}@media only screen and (min-width: 960px) {.vcex_69e74dd936f86{--wpex-carousel-columns:8;}.vcex_69e74dd936f86.wpex-carousel:not(.wpex-carousel--loaded) > *:not(:nth-child(1n+9)){display: flex !important;}}<\/style><div class=\"vcex-image-carousel wpex-carousel wpex-carousel-images wpex-clr vcex-module owl-carousel wpex-carousel--render-onload vcex_69e74dd936f86\" data-wpex-carousel=\"{&quot;nav&quot;:&quot;false&quot;,&quot;margin&quot;:25,&quot;slideBy&quot;:1,&quot;items&quot;:8,&quot;responsive&quot;:{&quot;0&quot;:{&quot;items&quot;:&quot;1&quot;},&quot;480&quot;:{&quot;items&quot;:&quot;2&quot;},&quot;768&quot;:{&quot;items&quot;:&quot;3&quot;},&quot;960&quot;:{&quot;items&quot;:8}},&quot;smartSpeed&quot;:2000}\"><div class=\"wpex-carousel-slide\"><figure class=\"wpex-carousel-entry-media entry-media wpex-relative wpex-image-hover grayscale-invert image-filter-grayscale\"><img width=\"475\" height=\"192\" src=\"https:\/\/stiftung-energieeffizienz.org\/recongeb\/wp-content\/uploads\/sites\/2\/2016\/05\/66_Logo-neu.jpg\" class=\"wpex-align-middle skip-lazy\" alt=\"Erbauverein K\u00f6ln Logo\" data-no-lazy=\"1\" \/><\/figure><\/div><div class=\"wpex-carousel-slide\"><figure class=\"wpex-carousel-entry-media entry-media wpex-relative wpex-image-hover grayscale-invert image-filter-grayscale\"><img width=\"1001\" height=\"379\" src=\"https:\/\/stiftung-energieeffizienz.org\/recongeb\/wp-content\/uploads\/sites\/2\/2016\/05\/ggh.png\" class=\"wpex-align-middle skip-lazy\" alt=\"GGH Wohnungsbaugesellschaft\" data-no-lazy=\"1\" \/><\/figure><\/div><div class=\"wpex-carousel-slide\"><figure class=\"wpex-carousel-entry-media entry-media wpex-relative wpex-image-hover grayscale-invert image-filter-grayscale\"><img width=\"183\" height=\"46\" src=\"https:\/\/stiftung-energieeffizienz.org\/recongeb\/wp-content\/uploads\/sites\/2\/2016\/05\/gb_ahlen_s.jpg\" class=\"wpex-align-middle skip-lazy\" alt=\"Gemeinn\u00fctziger Bauverein Ahlen Logo\" data-no-lazy=\"1\" \/><\/figure><\/div><div class=\"wpex-carousel-slide\"><figure class=\"wpex-carousel-entry-media entry-media wpex-relative wpex-image-hover grayscale-invert image-filter-grayscale\"><img width=\"500\" height=\"320\" src=\"https:\/\/stiftung-energieeffizienz.org\/recongeb\/wp-content\/uploads\/sites\/2\/2016\/05\/Logo_RheinwohnungsbauDuesseldorf-quad.png\" class=\"wpex-align-middle skip-lazy\" alt=\"Logo Rheinwohnungsbau Duesseldorf\" data-no-lazy=\"1\" \/><\/figure><\/div><div class=\"wpex-carousel-slide\"><figure class=\"wpex-carousel-entry-media entry-media wpex-relative wpex-image-hover grayscale-invert image-filter-grayscale\"><img width=\"95\" height=\"75\" src=\"https:\/\/stiftung-energieeffizienz.org\/recongeb\/wp-content\/uploads\/sites\/2\/2016\/05\/GWG_1897_s.jpg\" class=\"wpex-align-middle skip-lazy\" alt=\"\" data-no-lazy=\"1\" \/><\/figure><\/div><div class=\"wpex-carousel-slide\"><figure class=\"wpex-carousel-entry-media entry-media wpex-relative wpex-image-hover grayscale-invert image-filter-grayscale\"><img width=\"145\" height=\"104\" src=\"https:\/\/stiftung-energieeffizienz.org\/recongeb\/wp-content\/uploads\/sites\/2\/2016\/05\/gewog_logo.png\" class=\"wpex-align-middle skip-lazy\" alt=\"GEWOG logo\" data-no-lazy=\"1\" \/><\/figure><\/div><div class=\"wpex-carousel-slide\"><figure class=\"wpex-carousel-entry-media entry-media wpex-relative wpex-image-hover grayscale-invert image-filter-grayscale\"><img width=\"650\" height=\"211\" src=\"https:\/\/stiftung-energieeffizienz.org\/recongeb\/wp-content\/uploads\/sites\/2\/2016\/05\/GWG_Schwerte_eG.jpg\" class=\"wpex-align-middle skip-lazy\" alt=\"GWG Schwerte eG Logo\" data-no-lazy=\"1\" \/><\/figure><\/div><div class=\"wpex-carousel-slide\"><figure class=\"wpex-carousel-entry-media entry-media wpex-relative wpex-image-hover grayscale-invert image-filter-grayscale\"><img width=\"400\" height=\"233\" src=\"https:\/\/stiftung-energieeffizienz.org\/recongeb\/wp-content\/uploads\/sites\/2\/2016\/05\/hwg.png\" class=\"wpex-align-middle skip-lazy\" alt=\"hwg logo wohnungsbaugesellschaft\" data-no-lazy=\"1\" \/><\/figure><\/div><\/div>[\/vc_column][\/vc_row]\n","protected":false},"excerpt":{"rendered":"<p>[vc_row][vc_column][\/vc_column][\/vc_row][vc_row][vc_column width=&#8220;1\/4&#8243;][vc_toggle title=&#8220;Allgemeine Informationen&#8220; el_id=&#8220;1471425488693-64487431-0221&#8243; css=&#8220;.vc_custom_1480000730537{margin-top: 0px !important;margin-bottom: 0px !important;border-top-width: 0px !important;border-bottom-width: 0px !important;padding-top: 0px !important;padding-bottom: 0px !important;}&#8220;]\u00bb Infos f\u00fcr Projektinteressierte \u00a0\u00a0 (2 Seiten | PDF) \u00bb Plausibilit\u00e4tspr\u00fcfung \u00a0\u00a0 (3 Seiten | PDF) \u00bb Teilnahmeerkl\u00e4rung \u00a0\u00a0 (2 Seiten | PDF) [\/vc_toggle][vc_toggle title=&#8220;Methodik&#8220; el_id=&#8220;1471435560128-21a2d28e-de24&#8243; css=&#8220;.vc_custom_1480001597888{margin-bottom: 0px !important;border-bottom-width: 0px !important;padding-bottom: 0px !important;}&#8220;]Hier finden Sie Informationen zur Methodik&hellip;<\/p>\n","protected":false},"author":1,"featured_media":0,"parent":0,"menu_order":0,"comment_status":"closed","ping_status":"closed","template":"","meta":{"footnotes":""},"class_list":["post-390","page","type-page","status-publish","hentry","entry","no-media"],"_links":{"self":[{"href":"https:\/\/stiftung-energieeffizienz.org\/recongeb\/wp-json\/wp\/v2\/pages\/390","targetHints":{"allow":["GET"]}}],"collection":[{"href":"https:\/\/stiftung-energieeffizienz.org\/recongeb\/wp-json\/wp\/v2\/pages"}],"about":[{"href":"https:\/\/stiftung-energieeffizienz.org\/recongeb\/wp-json\/wp\/v2\/types\/page"}],"author":[{"embeddable":true,"href":"https:\/\/stiftung-energieeffizienz.org\/recongeb\/wp-json\/wp\/v2\/users\/1"}],"replies":[{"embeddable":true,"href":"https:\/\/stiftung-energieeffizienz.org\/recongeb\/wp-json\/wp\/v2\/comments?post=390"}],"version-history":[{"count":82,"href":"https:\/\/stiftung-energieeffizienz.org\/recongeb\/wp-json\/wp\/v2\/pages\/390\/revisions"}],"predecessor-version":[{"id":1111,"href":"https:\/\/stiftung-energieeffizienz.org\/recongeb\/wp-json\/wp\/v2\/pages\/390\/revisions\/1111"}],"wp:attachment":[{"href":"https:\/\/stiftung-energieeffizienz.org\/recongeb\/wp-json\/wp\/v2\/media?parent=390"}],"curies":[{"name":"wp","href":"https:\/\/api.w.org\/{rel}","templated":true}]}}