{"id":834,"date":"2017-08-17T11:11:21","date_gmt":"2017-08-17T09:11:21","guid":{"rendered":"https:\/\/stiftung-energieeffizienz.org\/recongeb\/?page_id=834"},"modified":"2020-12-02T16:40:28","modified_gmt":"2020-12-02T15:40:28","slug":"fuer-einfamilienhaeuser","status":"publish","type":"page","link":"https:\/\/stiftung-energieeffizienz.org\/recongeb\/fuer-einfamilienhaeuser\/","title":{"rendered":"f\u00fcr Einfamilienh\u00e4user"},"content":{"rendered":"[vc_row][vc_column]<div class=\"wpex-slider-preloaderimg wpex-relative\"><img width=\"1200\" height=\"441\" src=\"https:\/\/stiftung-energieeffizienz.org\/recongeb\/wp-content\/uploads\/sites\/2\/2017\/08\/Energieeffizienz_Einfamilienhaus.png\" class=\"skip-lazy\" alt=\"\" data-no-lazy=\"1\" \/><\/div><div class=\"vcex-image-slider vcex-module wpex-slider slider-pro wpex-clr\" data-loop=\"true\" data-auto-play-delay=\"5000\" data-arrows=\"false\" data-buttons=\"false\" data-animation-speed=\"600\" data-thumbnail-height=\"70\" data-thumbnail-width=\"70\"><div class=\"wpex-slider-slides sp-slides\"><div class=\"wpex-slider-slide sp-slide\"><div class=\"wpex-slider-media wpex-relative\"><img width=\"1200\" height=\"441\" src=\"https:\/\/stiftung-energieeffizienz.org\/recongeb\/wp-content\/uploads\/sites\/2\/2017\/08\/Energieeffizienz_Einfamilienhaus.png\" class=\"skip-lazy\" alt=\"\" data-no-lazy=\"1\" \/><\/div><\/div><\/div><\/div>[\/vc_column][\/vc_row][vc_row][vc_column width=&#8220;2\/3&#8243;][vc_column_text css=&#8220;.vc_custom_1505736547075{padding-top: 0px !important;padding-bottom: 20px !important;}&#8220;]Im Rahmen des Projektes \u00bbReferenz-Controlling-Geb\u00e4ude\u00ab bieten wir eine erste Hilfestellung f\u00fcr private Bauherrn, um im Dschungel von Verordnungen, F\u00f6rderprogrammen und einer Vielzahl an Bauakteuren\u00a0 tats\u00e4chlich nachhaltig zu bauen und zu sanieren.[\/vc_column_text][vc_column_text css=&#8220;.vc_custom_1505143042805{padding-top: 10px !important;}&#8220;]<strong>Zielwerte &#8230;<br \/>\n<\/strong>[\/vc_column_text][vc_column_text]Um Klimaschutzziele zu erreichen ist der Aussto\u00df von Emissionen durch fossile Energietr\u00e4ger, sowie Belastungen durch nukleare Energie zu limitieren. Zum Einhalten des 2\u00b0 Zieles und der Anforderungen, beispielsweise im Landesprojekt \u00bb100 Klimaschutzsiedlungen NRW\u00ab, bedeutet dies, dass die maximal zul\u00e4ssigen Emissionen f\u00fcr Heizung und Warmwasser circa 9 kg\/CO<sub>2<\/sub> pro Quadratmeter und Jahr f\u00fcr Neubau und 12 kg\/CO<sub>2<\/sub> pro Quadratmeter und Jahr f\u00fcr Sanierungen nicht \u00fcberschreiten d\u00fcrfen.[\/vc_column_text][vc_column_text css=&#8220;.vc_custom_1505737064219{padding-top: 20px !important;}&#8220;]Der Endenergieverbrauch entspricht der gemessenen und bezahlten Endenergie der Energietr\u00e4ger. Er kann erheblich von den Bedarfswerten (z.B. aus Energieausweis, Passivhaus- oder EnEV-Berechnung) abweichen. Vorrausetzung f\u00fcr klimafreundliche Geb\u00e4ude ist das ungef\u00e4hre Einhalten der folgenden Werte je Energietr\u00e4ger. Die nebenstehenden Tabellen enthalten die spezifischen Emissionen der Energietr\u00e4ger ohne Angabe von radioaktiven Abf\u00e4llen, die insbesondere bei der Stromerzeugung anfallen.[\/vc_column_text][\/vc_column][vc_column width=&#8220;1\/3&#8243;][vc_video link=&#8220;https:\/\/www.youtube.com\/watch?v=tQbd6wnSyCo&#8220; css=&#8220;.vc_custom_1504625506030{padding-top: 80px !important;}&#8220;][vc_column_text css=&#8220;.vc_custom_1505142242239{margin-bottom: 0px !important;border-bottom-width: 0px !important;padding-top: 10px !important;padding-bottom: 0px !important;}&#8220;]<a href=\"https:\/\/stiftung-energieeffizienz.org\/recongeb\/wp-content\/uploads\/sites\/2\/2017\/09\/ReConGeb_Neubau_Einschaetzung.png\">\u00bb Einordnung Endenergieverbrauch \u2013 Neubau<\/a><br \/>\n<a href=\"https:\/\/stiftung-energieeffizienz.org\/recongeb\/wp-content\/uploads\/sites\/2\/2017\/09\/ReConGeb_sanierung_Einschaetzung.png\">\u00bb Einordnung Endenergieverbrauch \u2013 Sanierung<\/a><br \/>\n<a href=\"https:\/\/stiftung-energieeffizienz.org\/images\/pdf\/ik-monitoring_stiftung-energieeffizienz_2015-07-07.pdf\">\u00bb Vortrag: Klimaschutz-Zielwerte<br \/>\n<\/a><a href=\"http:\/\/www.footprintnetwork.org\/\" target=\"_blank\" rel=\"noopener noreferrer\">\u00bb Global Footprint Rechner (extern)<\/a>[\/vc_column_text][\/vc_column][\/vc_row][vc_row][vc_column width=&#8220;2\/3&#8243;][vc_column_text css=&#8220;.vc_custom_1502980872223{padding-bottom: 10px !important;}&#8220;]<strong>in Bau- und Sanierungsvorhaben &#8230;<br \/>\n<\/strong>[\/vc_column_text][vc_column_text]Bei Bau- und Sanierungsvorhaben besitzt keiner der Marktteilnehmer mehr den Gesamt\u00fcberblick \u00fcber das energetische Geschehen. Dies konnte beim 2. Expertentreffen Wohnen und Energie der Stiftung Energieeffizienz im Mai 2017 herausgearbeitet werden. Wichtig ist es daher bei Energieberatern, Handwerkern oder z.B. Architekten nachzufragen welche Wissensbereiche der Partner abdeckt und welche nicht.<\/p>\n<p>Unter der Pr\u00e4misse ist neben den Nachweisgr\u00f6\u00dfen wie z.B. Prim\u00e4renergie (EnEV) oder Heizw\u00e4rmebedarf (Passivh\u00e4user) eine m\u00f6glichst realistische Einsch\u00e4tzung des Endenergiebedarfs abzufragen. Weiterhin sind Effizienzparameter wie z.B. solare Ertr\u00e4ge, Jahresarbeitszahlen oder Nutzungsgrade abzufragen.[\/vc_column_text][\/vc_column][vc_column width=&#8220;1\/3&#8243; css=&#8220;.vc_custom_1504626052559{margin-bottom: 0px !important;border-bottom-width: 0px !important;padding-bottom: 0px !important;}&#8220;][vc_video link=&#8220;https:\/\/www.youtube.com\/watch?v=2LULUIkCxLY&amp;feature=youtu.be&#8220;][\/vc_column][\/vc_row][vc_row][vc_column width=&#8220;2\/3&#8243;][vc_column_text css=&#8220;.vc_custom_1505142017177{padding-top: 10px !important;padding-bottom: 10px !important;}&#8220;]<strong>vereinbaren &#8230;<br \/>\n<\/strong>[\/vc_column_text][vc_column_text]Zur Sicherstellung der Effizienzparameter k\u00f6nnen bei Festlegung der Randbedingungen Garantievertr\u00e4ge eingesetzt werden. Diese Garantievertr\u00e4ge unterst\u00fctzen eine sorgf\u00e4ltige Planung.<br \/>\nMustervertr\u00e4ge k\u00f6nnen bei der Stiftung Energieeffizienz f\u00fcr solare Ertr\u00e4ge und Jahresarbeitszahlen von W\u00e4rmepumpen angefordert werden.[\/vc_column_text][vc_column_text css=&#8220;.vc_custom_1502972056434{margin-bottom: 0px !important;border-bottom-width: 0px !important;padding-top: 10px !important;padding-bottom: 0px !important;}&#8220;]<a href=\"https:\/\/stiftung-energieeffizienz.org\/garantievertraege-allgemein\/\">\u00bb Anforderung Garantievertr\u00e4ge <\/a>[\/vc_column_text][\/vc_column][vc_column width=&#8220;1\/3&#8243;][vc_video link=&#8220;https:\/\/youtu.be\/ujPGqgZUPVw&#8220;][\/vc_column][\/vc_row][vc_row][vc_column width=&#8220;2\/3&#8243;][vc_column_text]<strong>und kontrollieren!<\/strong>[\/vc_column_text][vc_column_text]Erg\u00e4nzend zu den Garantievertr\u00e4gen unterst\u00fctzen die Standard-Messschemata der Stiftung Energieeffizienz eine Kontrolle und Sicherstellung der Effizienzparameter. Untenstehend finden Sie typische Schemata f\u00fcr beispielsweise Solar-, W\u00e4rmepumpen- und Biomasseanlagen.<br \/>\nWeitere Schemata k\u00f6nnen von der Stiftung Energieeffizienz angefordert werden.[\/vc_column_text][vc_column_text css=&#8220;.vc_custom_1517583701632{padding-top: 10px !important;}&#8220;]<a href=\"https:\/\/stiftung-energieeffizienz.org\/recongeb\/wp-content\/uploads\/sites\/2\/2018\/02\/ii040_beispiel-schema_pellets_2017-09-11.pdf\">\u00bb Standard-Messschema Pellets.pdf<\/a><br \/>\n<a href=\"https:\/\/stiftung-energieeffizienz.org\/recongeb\/wp-content\/uploads\/sites\/2\/2018\/02\/iii040_Beispiel-Schema_W\u00e4rmepumpe_2017-09-11.pdf\">\u00bb Standard-Messschema W\u00e4rmepumpe.pdf<\/a><br \/>\n<a href=\"https:\/\/stiftung-energieeffizienz.org\/recongeb\/wp-content\/uploads\/sites\/2\/2018\/02\/i080_Beispiel-Schema_Gas-Solar_2017-09-11.pdf\">\u00bb Standard-Messschema Gas-Solaranlage.pdf<\/a>[\/vc_column_text][\/vc_column][vc_column width=&#8220;1\/3&#8243;][vc_video link=&#8220;https:\/\/www.youtube.com\/watch?v=fkHqPD3Yc5Y&#8220;][\/vc_column][\/vc_row]\n","protected":false},"excerpt":{"rendered":"<p>[vc_row][vc_column][\/vc_column][\/vc_row][vc_row][vc_column width=&#8220;2\/3&#8243;][vc_column_text css=&#8220;.vc_custom_1505736547075{padding-top: 0px !important;padding-bottom: 20px !important;}&#8220;]Im Rahmen des Projektes \u00bbReferenz-Controlling-Geb\u00e4ude\u00ab bieten wir eine erste Hilfestellung f\u00fcr private Bauherrn, um im Dschungel von Verordnungen, F\u00f6rderprogrammen und einer Vielzahl an Bauakteuren\u00a0 tats\u00e4chlich nachhaltig zu bauen und zu sanieren.[\/vc_column_text][vc_column_text css=&#8220;.vc_custom_1505143042805{padding-top: 10px !important;}&#8220;]Zielwerte &#8230; [\/vc_column_text][vc_column_text]Um Klimaschutzziele zu erreichen ist der Aussto\u00df von Emissionen durch fossile Energietr\u00e4ger, sowie Belastungen&hellip;<\/p>\n","protected":false},"author":1,"featured_media":0,"parent":0,"menu_order":0,"comment_status":"closed","ping_status":"closed","template":"","meta":{"footnotes":""},"class_list":["post-834","page","type-page","status-publish","hentry","entry","no-media"],"_links":{"self":[{"href":"https:\/\/stiftung-energieeffizienz.org\/recongeb\/wp-json\/wp\/v2\/pages\/834","targetHints":{"allow":["GET"]}}],"collection":[{"href":"https:\/\/stiftung-energieeffizienz.org\/recongeb\/wp-json\/wp\/v2\/pages"}],"about":[{"href":"https:\/\/stiftung-energieeffizienz.org\/recongeb\/wp-json\/wp\/v2\/types\/page"}],"author":[{"embeddable":true,"href":"https:\/\/stiftung-energieeffizienz.org\/recongeb\/wp-json\/wp\/v2\/users\/1"}],"replies":[{"embeddable":true,"href":"https:\/\/stiftung-energieeffizienz.org\/recongeb\/wp-json\/wp\/v2\/comments?post=834"}],"version-history":[{"count":70,"href":"https:\/\/stiftung-energieeffizienz.org\/recongeb\/wp-json\/wp\/v2\/pages\/834\/revisions"}],"predecessor-version":[{"id":1086,"href":"https:\/\/stiftung-energieeffizienz.org\/recongeb\/wp-json\/wp\/v2\/pages\/834\/revisions\/1086"}],"wp:attachment":[{"href":"https:\/\/stiftung-energieeffizienz.org\/recongeb\/wp-json\/wp\/v2\/media?parent=834"}],"curies":[{"name":"wp","href":"https:\/\/api.w.org\/{rel}","templated":true}]}}